{"id":2282,"date":"2024-12-12T17:13:29","date_gmt":"2024-12-12T16:13:29","guid":{"rendered":"https:\/\/affiliates.soundforlife.com\/programme-ambassadeur\/"},"modified":"2024-12-12T17:40:33","modified_gmt":"2024-12-12T16:40:33","slug":"programme-ambassadeur","status":"publish","type":"page","link":"https:\/\/affiliates.soundforlife.com\/fr\/programme-ambassadeur\/","title":{"rendered":"Programme ambassadeur"},"content":{"rendered":"\t\t<div data-elementor-type=\"wp-page\" data-elementor-id=\"2282\" class=\"elementor elementor-2282 elementor-2273\" data-elementor-post-type=\"page\">\n\t\t\t\t<div class=\"elementor-element elementor-element-e744f1e e-flex e-con-boxed e-con e-parent\" data-id=\"e744f1e\" data-element_type=\"container\" data-e-type=\"container\">\n\t\t\t\t\t<div class=\"e-con-inner\">\n\t\t<div class=\"elementor-element elementor-element-deeb714 e-con-full e-flex e-con e-child\" data-id=\"deeb714\" data-element_type=\"container\" data-e-type=\"container\">\n\t\t\t\t<div class=\"elementor-element elementor-element-732966a elementor-widget elementor-widget-heading\" data-id=\"732966a\" data-element_type=\"widget\" data-e-type=\"widget\" data-widget_type=\"heading.default\">\n\t\t\t\t<div class=\"elementor-widget-container\">\n\t\t\t\t\t<h2 class=\"elementor-heading-title elementor-size-default\">Programme Ambassadeur : Partagez votre exp\u00e9rience et gagnez des r\u00e9compenses !<\/h2>\t\t\t\t<\/div>\n\t\t\t\t<\/div>\n\t\t\t\t<div class=\"elementor-element elementor-element-8141671 elementor-widget elementor-widget-text-editor\" data-id=\"8141671\" data-element_type=\"widget\" data-e-type=\"widget\" data-widget_type=\"text-editor.default\">\n\t\t\t\t<div class=\"elementor-widget-container\">\n\t\t\t\t\t\t\t\t\t<p>Personne ne peut mieux raconter votre histoire que vous-m\u00eame !<\/p>\n<p>Aidez-nous \u00e0 faire conna\u00eetre nos produits et les r\u00e9sultats extraordinaires que vous avez obtenus. Il est facile de s&rsquo;inscrire : <\/p>\n<ol>\n<li><strong>Publiez un post ou un Reel<\/strong><br \/>Partagez votre exp\u00e9rience (ou celle de votre client, avec sa permission) en utilisant Forbrain ou Soundsory sur Facebook ou Instagram.<\/li>\n<li><strong>Taguez-nous et utilisez les bons Hashtags<\/strong><br \/>Mentionnez notre marque (<strong>@forbrain<\/strong> sur Facebook et <strong>@forbrainofficial<\/strong> sur Instagram) et ajoutez les hashtags #Forbrain et #Soundsory dans votre post.<\/li>\n<li><strong>Envoyez votre lien<\/strong><br \/>Envoyez-nous le lien vers votre post, et vous gagnerez 15 $ \/ 15 \u20ac par vid\u00e9o ou story !<\/li>\n<\/ol>\n<p>Nous sommes impatients de d\u00e9couvrir vos histoires et de les partager avec notre communaut\u00e9 !<\/p>\n\t\t\t\t\t\t\t\t<\/div>\n\t\t\t\t<\/div>\n\t\t\t\t<\/div>\n\t\t\t\t\t<\/div>\n\t\t\t\t<\/div>\n\t\t\t\t<\/div>\n\t\t","protected":false},"excerpt":{"rendered":"<p>Programme Ambassadeur : Partagez votre exp\u00e9rience et gagnez des r\u00e9compenses ! Personne ne peut mieux raconter votre histoire que vous-m\u00eame ! Aidez-nous \u00e0 faire conna\u00eetre nos produits et les r\u00e9sultats extraordinaires que vous avez obtenus. Il est facile de s&rsquo;inscrire : Publiez un post ou un ReelPartagez votre exp\u00e9rience (ou celle de votre client, avec&#8230;<\/p>\n","protected":false},"author":7,"featured_media":0,"parent":0,"menu_order":0,"comment_status":"closed","ping_status":"closed","template":"templates\/template-left-nav.php","meta":{"_acf_changed":false,"_kad_post_transparent":"","_kad_post_title":"","_kad_post_layout":"","_kad_post_sidebar_id":"","_kad_post_content_style":"","_kad_post_vertical_padding":"","_kad_post_feature":"","_kad_post_feature_position":"","_kad_post_header":false,"_kad_post_footer":false,"footnotes":""},"class_list":["post-2282","page","type-page","status-publish","hentry"],"acf":[],"_links":{"self":[{"href":"https:\/\/affiliates.soundforlife.com\/fr\/wp-json\/wp\/v2\/pages\/2282","targetHints":{"allow":["GET"]}}],"collection":[{"href":"https:\/\/affiliates.soundforlife.com\/fr\/wp-json\/wp\/v2\/pages"}],"about":[{"href":"https:\/\/affiliates.soundforlife.com\/fr\/wp-json\/wp\/v2\/types\/page"}],"author":[{"embeddable":true,"href":"https:\/\/affiliates.soundforlife.com\/fr\/wp-json\/wp\/v2\/users\/7"}],"replies":[{"embeddable":true,"href":"https:\/\/affiliates.soundforlife.com\/fr\/wp-json\/wp\/v2\/comments?post=2282"}],"version-history":[{"count":2,"href":"https:\/\/affiliates.soundforlife.com\/fr\/wp-json\/wp\/v2\/pages\/2282\/revisions"}],"predecessor-version":[{"id":2284,"href":"https:\/\/affiliates.soundforlife.com\/fr\/wp-json\/wp\/v2\/pages\/2282\/revisions\/2284"}],"wp:attachment":[{"href":"https:\/\/affiliates.soundforlife.com\/fr\/wp-json\/wp\/v2\/media?parent=2282"}],"curies":[{"name":"wp","href":"https:\/\/api.w.org\/{rel}","templated":true}]}}