{"id":1329,"date":"2024-06-04T19:02:13","date_gmt":"2024-06-04T17:02:13","guid":{"rendered":"https:\/\/affiliates.soundforlife.com\/soundsory-training-room\/"},"modified":"2024-10-09T13:35:24","modified_gmt":"2024-10-09T11:35:24","slug":"ateliers-soundsory","status":"publish","type":"page","link":"https:\/\/affiliates.soundforlife.com\/fr\/ateliers-soundsory\/","title":{"rendered":"Ateliers Soundsory"},"content":{"rendered":"\t\t<div data-elementor-type=\"wp-page\" data-elementor-id=\"1329\" class=\"elementor elementor-1329 elementor-35\" data-elementor-post-type=\"page\">\n\t\t\t\t<div class=\"elementor-element elementor-element-46a4f0cb e-con-full e-flex e-con e-parent\" data-id=\"46a4f0cb\" data-element_type=\"container\" data-e-type=\"container\">\n\t\t\t\t<div class=\"elementor-element elementor-element-5545a6e elementor-cta--skin-cover elementor-animated-content elementor-bg-transform elementor-bg-transform-zoom-in elementor-widget elementor-widget-call-to-action\" data-id=\"5545a6e\" data-element_type=\"widget\" data-e-type=\"widget\" data-widget_type=\"call-to-action.default\">\n\t\t\t\t<div class=\"elementor-widget-container\">\n\t\t\t\t\t\t\t<a class=\"elementor-cta\" href=\"https:\/\/soundsory.com\/fr\/accueil-3\/\" target=\"_blank\" rel=\"noopener\">\n\t\t\t\t\t<div class=\"elementor-cta__bg-wrapper\">\n\t\t\t\t<div class=\"elementor-cta__bg elementor-bg\" style=\"background-image: url(https:\/\/affiliates.soundforlife.com\/wp-content\/uploads\/2024\/08\/affiliate-soundsory-banner-image-1024x276.webp);\" role=\"img\" aria-label=\"affiliate-soundsory-banner-image\"><\/div>\n\t\t\t\t<div class=\"elementor-cta__bg-overlay\"><\/div>\n\t\t\t<\/div>\n\t\t\t\t\t\t\t<div class=\"elementor-cta__content\">\n\t\t\t\t\n\t\t\t\t\n\t\t\t\t\t\t\t\t\t<div class=\"elementor-cta__description elementor-cta__content-item elementor-content-item elementor-animated-item--grow\">\n\t\t\t\t\t\tSOUNDSORY est un programme multisensoriel, con\u00e7u pour un entrainement \u00e0 domicile.<br> Il aide \u00e0 am\u00e9liorer les fonctions motrices et cognitives. Le programme consiste en l\u2019\u00e9coute<br> d\u2019une musique sp\u00e9cialement con\u00e7ue avec des modifications neuro-acoustiques, ainsi que<br> d\u2019une s\u00e9rie d\u2019exercices de mouvements corporels. C\u2019est un programme de 30 minutes par<br> jour pendant 40 jours. \t\t\t\t\t<\/div>\n\t\t\t\t\n\t\t\t\t\t\t\t\t\t<div class=\"elementor-cta__button-wrapper elementor-cta__content-item elementor-content-item elementor-animated-item--grow\">\n\t\t\t\t\t<span class=\"elementor-cta__button elementor-button elementor-size-\">\n\t\t\t\t\t\tVisitez soundsory.com\t\t\t\t\t<\/span>\n\t\t\t\t\t<\/div>\n\t\t\t\t\t\t\t<\/div>\n\t\t\t\t\t\t<\/a>\n\t\t\t\t\t\t<\/div>\n\t\t\t\t<\/div>\n\t\t\t\t<div class=\"elementor-element elementor-element-51bb18ae elementor-widget elementor-widget-text-editor\" data-id=\"51bb18ae\" data-element_type=\"widget\" data-e-type=\"widget\" data-widget_type=\"text-editor.default\">\n\t\t\t\t<div class=\"elementor-widget-container\">\n\t\t\t\t\t\t\t\t\t<div class=\"wp-block-columns\">\n<div class=\"wp-block-column\">\n<div class=\"wp-block-columns\">\n<div class=\"wp-block-column\">\n<p><img decoding=\"async\" class=\"alignnone size-full wp-image-13483\" src=\"https:\/\/www.forbrain.com\/wp-content\/uploads\/2023\/06\/logo-img.png\" alt=\"\" width=\"222\" height=\"58\" \/><\/p>\n<p>Pour toute question, n\u2019h\u00e9sitez pas \u00e0 nous contacter \u00e0 <a href=\"mailto:info@soundforlife.com\">info@soundforlife.com<\/a><\/p>\n<p>Achetez par lots en visitant la page <a href=\"\/?page_id=4173\">Achat de stocks<\/a>.<\/p>\n<\/div>\n<\/div>\n<\/div>\n<\/div>\t\t\t\t\t\t\t\t<\/div>\n\t\t\t\t<\/div>\n\t\t\t\t<\/div>\n\t\t<div class=\"elementor-element elementor-element-7e8b146 e-con-full e-flex e-con e-parent\" data-id=\"7e8b146\" data-element_type=\"container\" data-e-type=\"container\">\n\t\t<div class=\"elementor-element elementor-element-a023ef4 e-con-full e-flex e-con e-child\" data-id=\"a023ef4\" data-element_type=\"container\" data-e-type=\"container\">\n\t\t\t\t<div class=\"elementor-element elementor-element-cc28124 elementor-widget elementor-widget-text-editor\" data-id=\"cc28124\" data-element_type=\"widget\" data-e-type=\"widget\" data-widget_type=\"text-editor.default\">\n\t\t\t\t<div class=\"elementor-widget-container\">\n\t\t\t\t\t\t\t\t\t<h6 class=\"wp-block-heading\">Pr\u00e9sentation de Soundsory (2 min)<\/h6>\n<p>&#8211; par Kara Tavolacci (Ergoth\u00e9rapeute)<\/p>\t\t\t\t\t\t\t\t<\/div>\n\t\t\t\t<\/div>\n\t\t\t\t<div class=\"elementor-element elementor-element-d5285b0 elementor-widget elementor-widget-video\" data-id=\"d5285b0\" data-element_type=\"widget\" data-e-type=\"widget\" data-settings=\"{&quot;video_type&quot;:&quot;vimeo&quot;}\" data-widget_type=\"video.default\">\n\t\t\t\t<div class=\"elementor-widget-container\">\n\t\t\t\t\t\t\t<div class=\"elementor-wrapper elementor-open-inline\">\n\t\t\t<iframe class=\"elementor-video-iframe\" allowfullscreen allow=\"clipboard-write\" title=\"Lecteur vid\u00e9o vimeo\" src=\"https:\/\/player.vimeo.com\/video\/910774684?color&amp;autopause=0&amp;loop=0&amp;muted=0&amp;title=1&amp;portrait=1&amp;byline=1&amp;h=186db7abe5#t=\"><\/iframe>\t\t<\/div>\n\t\t\t\t\t\t<\/div>\n\t\t\t\t<\/div>\n\t\t\t\t<\/div>\n\t\t<div class=\"elementor-element elementor-element-ec82c26 e-con-full e-flex e-con e-child\" data-id=\"ec82c26\" data-element_type=\"container\" data-e-type=\"container\">\n\t\t\t\t<div class=\"elementor-element elementor-element-5542b10 elementor-widget elementor-widget-text-editor\" data-id=\"5542b10\" data-element_type=\"widget\" data-e-type=\"widget\" data-widget_type=\"text-editor.default\">\n\t\t\t\t<div class=\"elementor-widget-container\">\n\t\t\t\t\t\t\t\t\t<h6>Introduction to Soundsory and its applications (51 min)\u00a0<em>&#8211; EN ANGLAIS<\/em><\/h6>\n<p>&#8211; webinar by Kara Tavolacci (Occupational Therapist)<\/p>\t\t\t\t\t\t\t\t<\/div>\n\t\t\t\t<\/div>\n\t\t\t\t<div class=\"elementor-element elementor-element-e98bf2a elementor-widget elementor-widget-video\" data-id=\"e98bf2a\" data-element_type=\"widget\" data-e-type=\"widget\" data-settings=\"{&quot;video_type&quot;:&quot;vimeo&quot;}\" data-widget_type=\"video.default\">\n\t\t\t\t<div class=\"elementor-widget-container\">\n\t\t\t\t\t\t\t<div class=\"elementor-wrapper elementor-open-inline\">\n\t\t\t<iframe class=\"elementor-video-iframe\" allowfullscreen allow=\"clipboard-write\" title=\"Lecteur vid\u00e9o vimeo\" src=\"https:\/\/player.vimeo.com\/video\/910774140?color&amp;autopause=0&amp;loop=0&amp;muted=0&amp;title=1&amp;portrait=1&amp;byline=1&amp;h=fb546a3d1d#t=\"><\/iframe>\t\t<\/div>\n\t\t\t\t\t\t<\/div>\n\t\t\t\t<\/div>\n\t\t\t\t<\/div>\n\t\t\t\t<\/div>\n\t\t<div class=\"elementor-element elementor-element-87da9e2 e-con-full e-flex e-con e-parent\" data-id=\"87da9e2\" data-element_type=\"container\" data-e-type=\"container\">\n\t\t<div class=\"elementor-element elementor-element-3a79de8 e-con-full e-flex e-con e-child\" data-id=\"3a79de8\" data-element_type=\"container\" data-e-type=\"container\">\n\t\t\t\t<div class=\"elementor-element elementor-element-ac1354d elementor-widget elementor-widget-text-editor\" data-id=\"ac1354d\" data-element_type=\"widget\" data-e-type=\"widget\" data-widget_type=\"text-editor.default\">\n\t\t\t\t<div class=\"elementor-widget-container\">\n\t\t\t\t\t\t\t\t\t<h6 class=\"wp-block-heading\">Primitive Reflexes and their Integration with Forbrain and Soundsory (98 min) <em>&#8211; EN ANGLAIS<\/em><\/h6>\n<p>&#8211; webinar by Kara Tavolacci (Occupational Therapist)<\/p>\t\t\t\t\t\t\t\t<\/div>\n\t\t\t\t<\/div>\n\t\t\t\t<div class=\"elementor-element elementor-element-ca2f46d elementor-widget elementor-widget-spacer\" data-id=\"ca2f46d\" data-element_type=\"widget\" data-e-type=\"widget\" data-widget_type=\"spacer.default\">\n\t\t\t\t<div class=\"elementor-widget-container\">\n\t\t\t\t\t\t\t<div class=\"elementor-spacer\">\n\t\t\t<div class=\"elementor-spacer-inner\"><\/div>\n\t\t<\/div>\n\t\t\t\t\t\t<\/div>\n\t\t\t\t<\/div>\n\t\t\t\t<div class=\"elementor-element elementor-element-d0e92a2 elementor-widget elementor-widget-video\" data-id=\"d0e92a2\" data-element_type=\"widget\" data-e-type=\"widget\" data-settings=\"{&quot;video_type&quot;:&quot;vimeo&quot;}\" data-widget_type=\"video.default\">\n\t\t\t\t<div class=\"elementor-widget-container\">\n\t\t\t\t\t\t\t<div class=\"elementor-wrapper elementor-open-inline\">\n\t\t\t<iframe class=\"elementor-video-iframe\" allowfullscreen allow=\"clipboard-write\" title=\"Lecteur vid\u00e9o vimeo\" src=\"https:\/\/player.vimeo.com\/video\/917122701?color&amp;autopause=0&amp;loop=0&amp;muted=0&amp;title=1&amp;portrait=1&amp;byline=1&amp;h=f894b20796#t=\"><\/iframe>\t\t<\/div>\n\t\t\t\t\t\t<\/div>\n\t\t\t\t<\/div>\n\t\t\t\t<\/div>\n\t\t<div class=\"elementor-element elementor-element-2b3ab7d e-con-full e-flex e-con e-child\" data-id=\"2b3ab7d\" data-element_type=\"container\" data-e-type=\"container\">\n\t\t\t\t<div class=\"elementor-element elementor-element-44beb62 elementor-widget elementor-widget-text-editor\" data-id=\"44beb62\" data-element_type=\"widget\" data-e-type=\"widget\" data-widget_type=\"text-editor.default\">\n\t\t\t\t<div class=\"elementor-widget-container\">\n\t\t\t\t\t\t\t\t\t<h6>A Soundsory Guide for Global Development Delay <em>&#8211; EN ANGLAIS<\/em><\/h6>\n<p>&#8211; webinar by Fran\u00e7oise Nicoloff (Clinical Psychologist, Tomatis\u00ae International Trainer, Consultant, and Speaker<\/p>\t\t\t\t\t\t\t\t<\/div>\n\t\t\t\t<\/div>\n\t\t\t\t<div class=\"elementor-element elementor-element-ec45147 elementor-widget elementor-widget-video\" data-id=\"ec45147\" data-element_type=\"widget\" data-e-type=\"widget\" data-settings=\"{&quot;video_type&quot;:&quot;vimeo&quot;}\" data-widget_type=\"video.default\">\n\t\t\t\t<div class=\"elementor-widget-container\">\n\t\t\t\t\t\t\t<div class=\"elementor-wrapper elementor-open-inline\">\n\t\t\t<iframe class=\"elementor-video-iframe\" allowfullscreen allow=\"clipboard-write\" title=\"Lecteur vid\u00e9o vimeo\" src=\"https:\/\/player.vimeo.com\/video\/941870226?color&amp;autopause=0&amp;loop=0&amp;muted=0&amp;title=1&amp;portrait=1&amp;byline=1&amp;h=36b6adb1ee#t=\"><\/iframe>\t\t<\/div>\n\t\t\t\t\t\t<\/div>\n\t\t\t\t<\/div>\n\t\t\t\t<\/div>\n\t\t\t\t<\/div>\n\t\t<div class=\"elementor-element elementor-element-a517e0a e-con-full e-flex e-con e-parent\" data-id=\"a517e0a\" data-element_type=\"container\" data-e-type=\"container\">\n\t\t<div class=\"elementor-element elementor-element-ef7b085 e-con-full e-flex e-con e-child\" data-id=\"ef7b085\" data-element_type=\"container\" data-e-type=\"container\">\n\t\t\t\t<div class=\"elementor-element elementor-element-48d2ff8 elementor-widget elementor-widget-text-editor\" data-id=\"48d2ff8\" data-element_type=\"widget\" data-e-type=\"widget\" data-widget_type=\"text-editor.default\">\n\t\t\t\t<div class=\"elementor-widget-container\">\n\t\t\t\t\t\t\t\t\t<h6 class=\"wp-block-heading\">How Forbrain and Soundsory can help with Sensory Processing Disorder (85 min) <em>&#8211; EN ANGLAIS<\/em><\/h6>\n<p>&#8211; webinar by Kara Tavolacci (Occupational Therapist)<\/p>\t\t\t\t\t\t\t\t<\/div>\n\t\t\t\t<\/div>\n\t\t\t\t<div class=\"elementor-element elementor-element-c19aa2d elementor-widget elementor-widget-video\" data-id=\"c19aa2d\" data-element_type=\"widget\" data-e-type=\"widget\" data-settings=\"{&quot;video_type&quot;:&quot;vimeo&quot;}\" data-widget_type=\"video.default\">\n\t\t\t\t<div class=\"elementor-widget-container\">\n\t\t\t\t\t\t\t<div class=\"elementor-wrapper elementor-open-inline\">\n\t\t\t<iframe class=\"elementor-video-iframe\" allowfullscreen allow=\"clipboard-write\" title=\"Lecteur vid\u00e9o vimeo\" src=\"https:\/\/player.vimeo.com\/video\/925889025?color&amp;autopause=0&amp;loop=0&amp;muted=0&amp;title=1&amp;portrait=1&amp;byline=1&amp;h=71c1aee698#t=\"><\/iframe>\t\t<\/div>\n\t\t\t\t\t\t<\/div>\n\t\t\t\t<\/div>\n\t\t\t\t<\/div>\n\t\t<div class=\"elementor-element elementor-element-f238b9a e-con-full e-flex e-con e-child\" data-id=\"f238b9a\" data-element_type=\"container\" data-e-type=\"container\">\n\t\t\t\t<div class=\"elementor-element elementor-element-adb1313 elementor-widget elementor-widget-text-editor\" data-id=\"adb1313\" data-element_type=\"widget\" data-e-type=\"widget\" data-widget_type=\"text-editor.default\">\n\t\t\t\t<div class=\"elementor-widget-container\">\n\t\t\t\t\t\t\t\t\t<h6>Soundsory mobile app &#8211; first steps (2 min) <em>&#8211; EN ANGLAIS<\/em><\/h6>\t\t\t\t\t\t\t\t<\/div>\n\t\t\t\t<\/div>\n\t\t\t\t<div class=\"elementor-element elementor-element-e0e3868 elementor-widget elementor-widget-spacer\" data-id=\"e0e3868\" data-element_type=\"widget\" data-e-type=\"widget\" data-widget_type=\"spacer.default\">\n\t\t\t\t<div class=\"elementor-widget-container\">\n\t\t\t\t\t\t\t<div class=\"elementor-spacer\">\n\t\t\t<div class=\"elementor-spacer-inner\"><\/div>\n\t\t<\/div>\n\t\t\t\t\t\t<\/div>\n\t\t\t\t<\/div>\n\t\t\t\t<div class=\"elementor-element elementor-element-3c7722c elementor-widget elementor-widget-video\" data-id=\"3c7722c\" data-element_type=\"widget\" data-e-type=\"widget\" data-settings=\"{&quot;video_type&quot;:&quot;vimeo&quot;}\" data-widget_type=\"video.default\">\n\t\t\t\t<div class=\"elementor-widget-container\">\n\t\t\t\t\t\t\t<div class=\"elementor-wrapper elementor-open-inline\">\n\t\t\t<iframe class=\"elementor-video-iframe\" allowfullscreen allow=\"clipboard-write\" title=\"Lecteur vid\u00e9o vimeo\" src=\"https:\/\/player.vimeo.com\/video\/900817594?color&amp;autopause=0&amp;loop=0&amp;muted=0&amp;title=1&amp;portrait=1&amp;byline=1&amp;h=8a3a9df906#t=\"><\/iframe>\t\t<\/div>\n\t\t\t\t\t\t<\/div>\n\t\t\t\t<\/div>\n\t\t\t\t<\/div>\n\t\t\t\t<\/div>\n\t\t\t\t<\/div>\n\t\t","protected":false},"excerpt":{"rendered":"<p>SOUNDSORY est un programme multisensoriel, con\u00e7u pour un entrainement \u00e0 domicile. Il aide \u00e0 am\u00e9liorer les fonctions motrices et cognitives. Le programme consiste en l\u2019\u00e9coute d\u2019une musique sp\u00e9cialement con\u00e7ue avec des modifications neuro-acoustiques, ainsi que d\u2019une s\u00e9rie d\u2019exercices de mouvements corporels. C\u2019est un programme de 30 minutes par jour pendant 40 jours. Visitez soundsory.com Pour&#8230;<\/p>\n","protected":false},"author":1,"featured_media":0,"parent":0,"menu_order":0,"comment_status":"closed","ping_status":"closed","template":"templates\/template-left-nav.php","meta":{"_acf_changed":false,"_kad_post_transparent":"","_kad_post_title":"","_kad_post_layout":"","_kad_post_sidebar_id":"","_kad_post_content_style":"","_kad_post_vertical_padding":"","_kad_post_feature":"","_kad_post_feature_position":"","_kad_post_header":false,"_kad_post_footer":false,"footnotes":""},"class_list":["post-1329","page","type-page","status-publish","hentry"],"acf":[],"_links":{"self":[{"href":"https:\/\/affiliates.soundforlife.com\/fr\/wp-json\/wp\/v2\/pages\/1329","targetHints":{"allow":["GET"]}}],"collection":[{"href":"https:\/\/affiliates.soundforlife.com\/fr\/wp-json\/wp\/v2\/pages"}],"about":[{"href":"https:\/\/affiliates.soundforlife.com\/fr\/wp-json\/wp\/v2\/types\/page"}],"author":[{"embeddable":true,"href":"https:\/\/affiliates.soundforlife.com\/fr\/wp-json\/wp\/v2\/users\/1"}],"replies":[{"embeddable":true,"href":"https:\/\/affiliates.soundforlife.com\/fr\/wp-json\/wp\/v2\/comments?post=1329"}],"version-history":[{"count":26,"href":"https:\/\/affiliates.soundforlife.com\/fr\/wp-json\/wp\/v2\/pages\/1329\/revisions"}],"predecessor-version":[{"id":2185,"href":"https:\/\/affiliates.soundforlife.com\/fr\/wp-json\/wp\/v2\/pages\/1329\/revisions\/2185"}],"wp:attachment":[{"href":"https:\/\/affiliates.soundforlife.com\/fr\/wp-json\/wp\/v2\/media?parent=1329"}],"curies":[{"name":"wp","href":"https:\/\/api.w.org\/{rel}","templated":true}]}}