{"id":100,"date":"2024-06-04T19:05:16","date_gmt":"2024-06-04T17:05:16","guid":{"rendered":"https:\/\/affiliates.soundforlife.com\/achat-de-stocks-nouveau\/"},"modified":"2025-05-14T13:15:17","modified_gmt":"2025-05-14T11:15:17","slug":"achat-de-stocks","status":"publish","type":"page","link":"https:\/\/affiliates.soundforlife.com\/fr\/achat-de-stocks\/","title":{"rendered":"Achat de stocks (Nouveau)"},"content":{"rendered":"\t\t<div data-elementor-type=\"wp-page\" data-elementor-id=\"100\" class=\"elementor elementor-100 elementor-41\" data-elementor-post-type=\"page\">\n\t\t\t\t<div class=\"elementor-element elementor-element-349c37bc e-con-full e-flex e-con e-parent\" data-id=\"349c37bc\" data-element_type=\"container\" data-e-type=\"container\">\n\t\t\t\t<div class=\"elementor-element elementor-element-10898581 elementor-widget elementor-widget-text-editor\" data-id=\"10898581\" data-element_type=\"widget\" data-e-type=\"widget\" data-widget_type=\"text-editor.default\">\n\t\t\t\t<div class=\"elementor-widget-container\">\n\t\t\t\t\t\t\t\t\t<h2 class=\"wp-block-heading\">Nouvelles opportunit\u00e9s<\/h2><p><strong>Disposer d\u2019un peu de stocks de Forbrain et\/ou Soundsory peut vous permettre de plus facilement le proposer \u00e0 vos clients.<\/strong><\/p><p>Pour profiter de <strong>40% de r\u00e9duction<\/strong>, le minimum d\u2019achat est de 3 appareils. Les prix sont hors taxes et vous devez disposer d\u2019un num\u00e9ro de TVA intra communautaire pour en profiter.<\/p><ul><li style=\"list-style-type: none;\"><ul><li>Si vous d\u00e9sirez <strong>commander Forbrain ou Soundsory ou une combinaison des deux<\/strong>, veuillez<a href=\"https:\/\/buy.stripe.com\/00g9D7c3ucTX7JuaEH\" target=\"_blank\" rel=\"noopener\" data-wplink-edit=\"true\"><strong> cliquez ici &gt;&gt; <\/strong><\/a><br \/>N&rsquo;oubliez pas de mentionner sur le formulaire la quantit\u00e9 de Forbrain ou de Soundsory que vous souhaitez commander. Cette quantit\u00e9 doit correspondre \u00e0 celle que vous avez s\u00e9lectionn\u00e9e.<\/li><\/ul><\/li><li style=\"list-style-type: none;\"><ul><li>Si vous souhaitez <strong>devenir un distributeur local et passer des commandes r\u00e9guli\u00e8res<\/strong> (minimum 20 unit\u00e9s par commande), veuillez nous contacter pour discuter des meilleures modalit\u00e9s (paiements \u00e9chelonn\u00e9s, remises, etc.).<br \/>Veuillez contacter notre responsable des partenariats avec les affili\u00e9s, Abhi Maitra, \u00e0 l&rsquo;adresse <a href=\"mailto:a.maitra@soundforlife.com\">a.maitra@soundforlife.com<\/a>.<\/li><\/ul><\/li><\/ul><ul><li style=\"list-style-type: none;\"><ul><li style=\"list-style-type: none;\"><ul><li style=\"list-style-type: none;\">\u00a0<\/li><\/ul><\/li><\/ul><\/li><\/ul><p>Les frais de port sont forfaitis\u00e9s \u00e0 50 Euros en Europe quelque soit le nombre d&rsquo;appareils command\u00e9s<\/p>\t\t\t\t\t\t\t\t<\/div>\n\t\t\t\t<\/div>\n\t\t\t\t<\/div>\n\t\t<div class=\"elementor-element elementor-element-64bece28 e-con-full e-flex e-con e-parent\" data-id=\"64bece28\" data-element_type=\"container\" data-e-type=\"container\">\n\t\t<div class=\"elementor-element elementor-element-384ee477 e-con-full e-flex e-con e-child\" data-id=\"384ee477\" data-element_type=\"container\" data-e-type=\"container\">\n\t\t\t\t<div class=\"elementor-element elementor-element-219eba43 elementor-widget elementor-widget-image\" data-id=\"219eba43\" data-element_type=\"widget\" data-e-type=\"widget\" data-widget_type=\"image.default\">\n\t\t\t\t<div class=\"elementor-widget-container\">\n\t\t\t\t\t\t\t\t\t\t\t\t\t\t\t\t<a href=\"https:\/\/buy.stripe.com\/00g9D7c3ucTX7JuaEH\" target=\"_blank\" rel=\"noopener\">\n\t\t\t\t\t\t\t<img fetchpriority=\"high\" decoding=\"async\" width=\"768\" height=\"1024\" src=\"https:\/\/affiliates.soundforlife.com\/wp-content\/uploads\/2024\/08\/Bulk-Forbrain-768x1024.webp\" class=\"attachment-medium_large size-medium_large wp-image-1562\" alt=\"\" srcset=\"https:\/\/affiliates.soundforlife.com\/wp-content\/uploads\/2024\/08\/Bulk-Forbrain-768x1024.webp 768w, https:\/\/affiliates.soundforlife.com\/wp-content\/uploads\/2024\/08\/Bulk-Forbrain-225x300.webp 225w, https:\/\/affiliates.soundforlife.com\/wp-content\/uploads\/2024\/08\/Bulk-Forbrain-1152x1536.webp 1152w, https:\/\/affiliates.soundforlife.com\/wp-content\/uploads\/2024\/08\/Bulk-Forbrain.webp 1512w\" sizes=\"(max-width: 768px) 100vw, 768px\" \/>\t\t\t\t\t\t\t\t<\/a>\n\t\t\t\t\t\t\t\t\t\t\t\t\t\t\t<\/div>\n\t\t\t\t<\/div>\n\t\t\t\t<\/div>\n\t\t<div class=\"elementor-element elementor-element-515e3575 e-con-full e-flex e-con e-child\" data-id=\"515e3575\" data-element_type=\"container\" data-e-type=\"container\">\n\t\t\t\t<div class=\"elementor-element elementor-element-326d63b0 elementor-widget elementor-widget-image\" data-id=\"326d63b0\" data-element_type=\"widget\" data-e-type=\"widget\" data-widget_type=\"image.default\">\n\t\t\t\t<div class=\"elementor-widget-container\">\n\t\t\t\t\t\t\t\t\t\t\t\t\t\t\t\t<a href=\"https:\/\/buy.stripe.com\/00g9D7c3ucTX7JuaEH\" target=\"_blank\" rel=\"noopener\">\n\t\t\t\t\t\t\t<img decoding=\"async\" width=\"768\" height=\"1024\" src=\"https:\/\/affiliates.soundforlife.com\/wp-content\/uploads\/2024\/08\/Bulk-Soundsory-768x1024.webp\" class=\"attachment-medium_large size-medium_large wp-image-1574\" alt=\"\" srcset=\"https:\/\/affiliates.soundforlife.com\/wp-content\/uploads\/2024\/08\/Bulk-Soundsory-768x1024.webp 768w, https:\/\/affiliates.soundforlife.com\/wp-content\/uploads\/2024\/08\/Bulk-Soundsory-225x300.webp 225w, https:\/\/affiliates.soundforlife.com\/wp-content\/uploads\/2024\/08\/Bulk-Soundsory-1152x1536.webp 1152w, https:\/\/affiliates.soundforlife.com\/wp-content\/uploads\/2024\/08\/Bulk-Soundsory.webp 1512w\" sizes=\"(max-width: 768px) 100vw, 768px\" \/>\t\t\t\t\t\t\t\t<\/a>\n\t\t\t\t\t\t\t\t\t\t\t\t\t\t\t<\/div>\n\t\t\t\t<\/div>\n\t\t\t\t<\/div>\n\t\t<div class=\"elementor-element elementor-element-55f487f2 e-con-full e-flex e-con e-child\" data-id=\"55f487f2\" data-element_type=\"container\" data-e-type=\"container\">\n\t\t\t\t<div class=\"elementor-element elementor-element-32a28c52 elementor-widget elementor-widget-image\" data-id=\"32a28c52\" data-element_type=\"widget\" data-e-type=\"widget\" data-widget_type=\"image.default\">\n\t\t\t\t<div class=\"elementor-widget-container\">\n\t\t\t\t\t\t\t\t\t\t\t\t\t\t\t\t<a href=\"https:\/\/buy.stripe.com\/00g9D7c3ucTX7JuaEH\" target=\"_blank\" rel=\"noopener\">\n\t\t\t\t\t\t\t<img decoding=\"async\" width=\"768\" height=\"1024\" src=\"https:\/\/affiliates.soundforlife.com\/wp-content\/uploads\/2024\/08\/Bulk-Forbain-and-Soundsory-768x1024.webp\" class=\"attachment-medium_large size-medium_large wp-image-1568\" alt=\"\" srcset=\"https:\/\/affiliates.soundforlife.com\/wp-content\/uploads\/2024\/08\/Bulk-Forbain-and-Soundsory-768x1024.webp 768w, https:\/\/affiliates.soundforlife.com\/wp-content\/uploads\/2024\/08\/Bulk-Forbain-and-Soundsory-225x300.webp 225w, https:\/\/affiliates.soundforlife.com\/wp-content\/uploads\/2024\/08\/Bulk-Forbain-and-Soundsory-1152x1536.webp 1152w, https:\/\/affiliates.soundforlife.com\/wp-content\/uploads\/2024\/08\/Bulk-Forbain-and-Soundsory.webp 1512w\" sizes=\"(max-width: 768px) 100vw, 768px\" \/>\t\t\t\t\t\t\t\t<\/a>\n\t\t\t\t\t\t\t\t\t\t\t\t\t\t\t<\/div>\n\t\t\t\t<\/div>\n\t\t\t\t<\/div>\n\t\t\t\t<\/div>\n\t\t<div class=\"elementor-element elementor-element-fbea7f4 e-con-full e-flex e-con e-parent\" data-id=\"fbea7f4\" data-element_type=\"container\" data-e-type=\"container\">\n\t\t<div class=\"elementor-element elementor-element-f3916c4 e-con-full e-flex e-con e-child\" data-id=\"f3916c4\" data-element_type=\"container\" data-e-type=\"container\">\n\t\t\t\t<div class=\"elementor-element elementor-element-fe73368 elementor-widget elementor-widget-text-editor\" data-id=\"fe73368\" data-element_type=\"widget\" data-e-type=\"widget\" data-widget_type=\"text-editor.default\">\n\t\t\t\t<div class=\"elementor-widget-container\">\n\t\t\t\t\t\t\t\t\t<div class=\"wp-block-columns\"><div class=\"wp-block-column\"><div class=\"wp-block-columns\"><div class=\"wp-block-column\"><h3>Qu&rsquo;est-ce qui est le plus rentable pour vous ? L\u2019achat en gros ou les recommandations d&rsquo;affili\u00e9s ?<\/h3><p>Les sc\u00e9narii suivants pr\u00e9sentent diff\u00e9rentes options et examinent la plus avantageuse pour vous.<\/p><p><strong>Option 1 &#8211; Vous achetez 10 unit\u00e9s Forbrain ou Soundsory ou les deux pour 1850 \u20ac en gros et vous les revendez \u00e0 vos clients :<\/strong><\/p><p>\u2022 Prix standard + frais d&rsquo;exp\u00e9dition (309 \u20ac) : Vous r\u00e9alisez un b\u00e9n\u00e9fice de 144 \u20ac par unit\u00e9, soit un total de 1440 \u20ac pour 10 unit\u00e9s.<br \/>\u2022 Prix r\u00e9duit (10 % de r\u00e9duction) + frais d&rsquo;exp\u00e9dition (279 \u20ac) : Vous r\u00e9alisez un b\u00e9n\u00e9fice de 114 \u20ac par unit\u00e9, soit un total de 1140 \u20ac pour 10 unit\u00e9s.<br \/>\u2022 Prix sp\u00e9cial f\u00eates + frais de port gratuits (215 \u20ac) : Vous r\u00e9alisez un b\u00e9n\u00e9fice de 50 \u20ac par unit\u00e9, soit un total de 500 \u20ac pour 10 unit\u00e9s.<\/p><p><strong>Option 2 &#8211; Vous recommandez 10 unit\u00e9s Forbrain ou Soundsory ou les deux \u00e0 vos clients par le biais de notre site web et vous recevez des commissions :<\/strong><\/p><p>\u2022 Prix standard + 10% de r\u00e9duction pour les affili\u00e9s (279 \u20ac) : Vous gagnez 70 \u20ac par vente, soit un total de 700 \u20ac pour 10 unit\u00e9s.<br \/>\u2022 Prix en p\u00e9riode de f\u00eates + 10% de r\u00e9duction pour les affili\u00e9s + livraison gratuite (215 \u20ac) : Vous gagnez 40 \u20ac par vente, soit un total de 400 \u20ac pour 10 unit\u00e9s.<\/p><p><strong>En r\u00e9sum\u00e9:<\/strong><\/p><p>\u2022 L&rsquo;achat en gros est plus rentable pour vous : Il offre des marges plus \u00e9lev\u00e9es que le programme d&rsquo;affiliation.<br \/>\u2022 Pratique pour les clients : L&rsquo;achat en gros peut \u00eatre plus pratique pour les clients, car vous pouvez leur envoyer l&rsquo;appareil ou leur remettre en main propre.<br \/>\u2022 Une source de revenus suppl\u00e9mentaire : Certains affili\u00e9s ajoutent des frais de conseils \u00e0 leurs services, ce que les familles appr\u00e9cient.<\/p><p>Remarque : les prix sont arrondis. Les taxes telles que la TVA, lorsqu&rsquo;elle est applicable, sont en suppl\u00e9ment. La liste des prix pour les achats en gros peut \u00eatre r\u00e9vis\u00e9e \u00e0 tout moment.<\/p><\/div><\/div><\/div><\/div>\t\t\t\t\t\t\t\t<\/div>\n\t\t\t\t<\/div>\n\t\t\t\t<\/div>\n\t\t\t\t<\/div>\n\t\t\t\t<\/div>\n\t\t","protected":false},"excerpt":{"rendered":"<p>Nouvelles opportunit\u00e9s Disposer d\u2019un peu de stocks de Forbrain et\/ou Soundsory peut vous permettre de plus facilement le proposer \u00e0 vos clients. Pour profiter de 40% de r\u00e9duction, le minimum d\u2019achat est de 3 appareils. Les prix sont hors taxes et vous devez disposer d\u2019un num\u00e9ro de TVA intra communautaire pour en profiter. Si vous&#8230;<\/p>\n","protected":false},"author":1,"featured_media":0,"parent":0,"menu_order":0,"comment_status":"closed","ping_status":"closed","template":"templates\/template-left-nav.php","meta":{"_acf_changed":false,"_kad_post_transparent":"","_kad_post_title":"","_kad_post_layout":"","_kad_post_sidebar_id":"","_kad_post_content_style":"","_kad_post_vertical_padding":"","_kad_post_feature":"","_kad_post_feature_position":"","_kad_post_header":false,"_kad_post_footer":false,"footnotes":""},"class_list":["post-100","page","type-page","status-publish","hentry"],"acf":[],"_links":{"self":[{"href":"https:\/\/affiliates.soundforlife.com\/fr\/wp-json\/wp\/v2\/pages\/100","targetHints":{"allow":["GET"]}}],"collection":[{"href":"https:\/\/affiliates.soundforlife.com\/fr\/wp-json\/wp\/v2\/pages"}],"about":[{"href":"https:\/\/affiliates.soundforlife.com\/fr\/wp-json\/wp\/v2\/types\/page"}],"author":[{"embeddable":true,"href":"https:\/\/affiliates.soundforlife.com\/fr\/wp-json\/wp\/v2\/users\/1"}],"replies":[{"embeddable":true,"href":"https:\/\/affiliates.soundforlife.com\/fr\/wp-json\/wp\/v2\/comments?post=100"}],"version-history":[{"count":29,"href":"https:\/\/affiliates.soundforlife.com\/fr\/wp-json\/wp\/v2\/pages\/100\/revisions"}],"predecessor-version":[{"id":2326,"href":"https:\/\/affiliates.soundforlife.com\/fr\/wp-json\/wp\/v2\/pages\/100\/revisions\/2326"}],"wp:attachment":[{"href":"https:\/\/affiliates.soundforlife.com\/fr\/wp-json\/wp\/v2\/media?parent=100"}],"curies":[{"name":"wp","href":"https:\/\/api.w.org\/{rel}","templated":true}]}}