{"id":85,"date":"2024-06-04T19:08:12","date_gmt":"2024-06-04T17:08:12","guid":{"rendered":"https:\/\/affiliates.soundforlife.com\/affiliate-login\/"},"modified":"2024-09-18T12:52:10","modified_gmt":"2024-09-18T10:52:10","slug":"affiliate-login","status":"publish","type":"page","link":"https:\/\/affiliates.soundforlife.com\/es\/affiliate-login\/","title":{"rendered":"Login"},"content":{"rendered":"\t\t<div data-elementor-type=\"wp-page\" data-elementor-id=\"85\" class=\"elementor elementor-85 elementor-48\" data-elementor-post-type=\"page\">\n\t\t\t\t<div class=\"elementor-element elementor-element-4e7d4926 e-con-full e-flex e-con e-parent\" data-id=\"4e7d4926\" data-element_type=\"container\" data-e-type=\"container\">\n\t\t\t\t<div class=\"elementor-element elementor-element-16346c4 elementor-widget elementor-widget-shortcode\" data-id=\"16346c4\" data-element_type=\"widget\" data-e-type=\"widget\" data-widget_type=\"shortcode.default\">\n\t\t\t\t<div class=\"elementor-widget-container\">\n\t\t\t\t\t\t\t<div class=\"elementor-shortcode\"><div class=\"container\">\n\t<a id=\"affiliation_form\"><\/a>\n\t<div class=\"row\">\n\t\t<div class=\"col-12 text-left text-lg-center mb-4\">\n\t\t\t<h2 class=\"color -blue text-lg-center\"><br><br><br>Iniciar sesi\u00f3n con tu cuenta<\/h2>\n\t\t<\/div>\n\t<\/div>\n\t<div class=\"row justify-content-center\">\n\n\t\t<div class=\"col-12 has-text-align-center\">\n\t\t\t<p style=\"text-align:justify\"><b>\u00a1Bienvenido de nuevo al programa de afiliados de SOUND FOR LIFE!<br>Apoye a sus clientes, obtenga recompensas y mejore sus conocimientos con FORBRAIN\u00ae y SOUNDSORY\u00ae.<\/b><\/p>\n\t\t<\/div>\n\t\t<div class=\"col-12\">\n\t\t\t<br><br><br><br>\n\t\t\t<form method=\"post\" enctype=\"multipart\/form-data\" action=\"#affiliation_form\" class=\"fb_form small\">\n\t\t\t\t\t\t\t\t\n\t\t\t\t\t\t\t\t\n\t\t\t\t<div class=\"field_container\">\n\t\t\t\t\t<input required=\"1\" type=\"text\" name=\"login[email]\" class=\"field\" placeholder=\"Correo electr\u00f3nico\" id=\"login_email\" \/>\t\t\t\t\t\t\t\t\t<\/div>\n\t\t\t\t<div class=\"field_container\">\n\t\t\t\t\t<input required=\"1\" type=\"password\" name=\"login[password]\" class=\"field\" placeholder=\"Contrase\u00f1a\" id=\"login_password\" \/>\t\t\t\t\t\t\t\t\t<\/div>\n\t\t\t\t<div class=\"field_container check\">\n\t\t\t\t\t<input required=\"1\" type=\"checkbox\" name=\"login[cgv1]\" value=\"1\" class=\"field form-input\" id=\"login_cgv1\" \/>\t\t\t\t\t<label for=\"login_cgv1\">Al enviar este formulario, usted acepta los <a href=\"https:\/\/affiliates.soundforlife.com\/terms-and-conditions\/\" target=\"blank\">t\u00e9rminos y condiciones<\/a> del programa de afiliados de Sound For Life.&nbsp;<abbr class=\"required\" title=\"Required field\">*<\/abbr><\/label>\t\t\t\t\t\t\t\t\t<\/div>\n\n\t\t\t\t<div class=\"field_container ct\">\n\t\t\t\t\t<input type=\"submit\" class=\"button\" value=\"Iniciar sesi\u00f3n\">\n\t\t\t\t<\/div>\n\t\t\t<\/form>\n\t\t<\/div>\n\t<\/div>\n<\/div>\n\n\n\n\n\n<\/div>\n\t\t\t\t\t\t<\/div>\n\t\t\t\t<\/div>\n\t\t\t\t<div class=\"elementor-element elementor-element-5bae191 elementor-widget elementor-widget-spacer\" data-id=\"5bae191\" data-element_type=\"widget\" data-e-type=\"widget\" data-widget_type=\"spacer.default\">\n\t\t\t\t<div class=\"elementor-widget-container\">\n\t\t\t\t\t\t\t<div class=\"elementor-spacer\">\n\t\t\t<div class=\"elementor-spacer-inner\"><\/div>\n\t\t<\/div>\n\t\t\t\t\t\t<\/div>\n\t\t\t\t<\/div>\n\t\t\t\t<div class=\"elementor-element elementor-element-3c1d8109 elementor-widget elementor-widget-text-editor\" data-id=\"3c1d8109\" data-element_type=\"widget\" data-e-type=\"widget\" data-widget_type=\"text-editor.default\">\n\t\t\t\t<div class=\"elementor-widget-container\">\n\t\t\t\t\t\t\t\t\t<div class=\"wp-block-columns\"><div class=\"wp-block-column\"><p class=\"has-text-align-center\">Si olvid\u00f3 su contrase\u00f1a, cont\u00e1ctenos en <a href=\"mailto:info@soundforlife.com\">info@soundforlife.com<\/a><\/p><\/div><\/div>\t\t\t\t\t\t\t\t<\/div>\n\t\t\t\t<\/div>\n\t\t\t\t<div class=\"elementor-element elementor-element-542e479 elementor-widget elementor-widget-spacer\" data-id=\"542e479\" data-element_type=\"widget\" data-e-type=\"widget\" data-widget_type=\"spacer.default\">\n\t\t\t\t<div class=\"elementor-widget-container\">\n\t\t\t\t\t\t\t<div class=\"elementor-spacer\">\n\t\t\t<div class=\"elementor-spacer-inner\"><\/div>\n\t\t<\/div>\n\t\t\t\t\t\t<\/div>\n\t\t\t\t<\/div>\n\t\t\t\t<\/div>\n\t\t\t\t<\/div>\n\t\t","protected":false},"excerpt":{"rendered":"<p>Si olvid\u00f3 su contrase\u00f1a, cont\u00e1ctenos en info@soundforlife.com<\/p>\n","protected":false},"author":1,"featured_media":0,"parent":0,"menu_order":0,"comment_status":"closed","ping_status":"closed","template":"","meta":{"_acf_changed":false,"_kad_post_transparent":"","_kad_post_title":"","_kad_post_layout":"","_kad_post_sidebar_id":"","_kad_post_content_style":"","_kad_post_vertical_padding":"","_kad_post_feature":"","_kad_post_feature_position":"","_kad_post_header":false,"_kad_post_footer":false,"footnotes":""},"class_list":["post-85","page","type-page","status-publish","hentry"],"acf":[],"_links":{"self":[{"href":"https:\/\/affiliates.soundforlife.com\/es\/wp-json\/wp\/v2\/pages\/85","targetHints":{"allow":["GET"]}}],"collection":[{"href":"https:\/\/affiliates.soundforlife.com\/es\/wp-json\/wp\/v2\/pages"}],"about":[{"href":"https:\/\/affiliates.soundforlife.com\/es\/wp-json\/wp\/v2\/types\/page"}],"author":[{"embeddable":true,"href":"https:\/\/affiliates.soundforlife.com\/es\/wp-json\/wp\/v2\/users\/1"}],"replies":[{"embeddable":true,"href":"https:\/\/affiliates.soundforlife.com\/es\/wp-json\/wp\/v2\/comments?post=85"}],"version-history":[{"count":9,"href":"https:\/\/affiliates.soundforlife.com\/es\/wp-json\/wp\/v2\/pages\/85\/revisions"}],"predecessor-version":[{"id":1930,"href":"https:\/\/affiliates.soundforlife.com\/es\/wp-json\/wp\/v2\/pages\/85\/revisions\/1930"}],"wp:attachment":[{"href":"https:\/\/affiliates.soundforlife.com\/es\/wp-json\/wp\/v2\/media?parent=85"}],"curies":[{"name":"wp","href":"https:\/\/api.w.org\/{rel}","templated":true}]}}