{"id":2285,"date":"2024-12-12T17:13:29","date_gmt":"2024-12-12T16:13:29","guid":{"rendered":"https:\/\/affiliates.soundforlife.com\/programa-de-embajadores\/"},"modified":"2024-12-13T14:05:36","modified_gmt":"2024-12-13T13:05:36","slug":"programa-de-embajadores","status":"publish","type":"page","link":"https:\/\/affiliates.soundforlife.com\/es\/programa-de-embajadores\/","title":{"rendered":"Programa de embajadores"},"content":{"rendered":"\t\t<div data-elementor-type=\"wp-page\" data-elementor-id=\"2285\" class=\"elementor elementor-2285 elementor-2273\" data-elementor-post-type=\"page\">\n\t\t\t\t<div class=\"elementor-element elementor-element-e744f1e e-flex e-con-boxed e-con e-parent\" data-id=\"e744f1e\" data-element_type=\"container\" data-e-type=\"container\">\n\t\t\t\t\t<div class=\"e-con-inner\">\n\t\t<div class=\"elementor-element elementor-element-deeb714 e-con-full e-flex e-con e-child\" data-id=\"deeb714\" data-element_type=\"container\" data-e-type=\"container\">\n\t\t\t\t<div class=\"elementor-element elementor-element-732966a elementor-widget elementor-widget-heading\" data-id=\"732966a\" data-element_type=\"widget\" data-e-type=\"widget\" data-widget_type=\"heading.default\">\n\t\t\t\t<div class=\"elementor-widget-container\">\n\t\t\t\t\t<h2 class=\"elementor-heading-title elementor-size-default\">Programa de embajadores: Comparte tu experiencia y gana recompensas.<\/h2>\t\t\t\t<\/div>\n\t\t\t\t<\/div>\n\t\t\t\t<div class=\"elementor-element elementor-element-8141671 elementor-widget elementor-widget-text-editor\" data-id=\"8141671\" data-element_type=\"widget\" data-e-type=\"widget\" data-widget_type=\"text-editor.default\">\n\t\t\t\t<div class=\"elementor-widget-container\">\n\t\t\t\t\t\t\t\t\t<p>Nadie puede contar tu historia mejor que t\u00fa.<\/p>\n<p>Ay\u00fadanos a difundir nuestros productos y los fant\u00e1sticos resultados que has obtenido. Participar es muy f\u00e1cil: <\/p>\n<ol>\n<li><strong>Publica un Post o un Reel<\/strong><br \/>Comparte tu experiencia (o la de tu cliente, con su permiso) utilizando Forbrain o Soundsory en Facebook o Instagram.<\/li>\n<li><strong>Etiqu\u00e9tanos y utiliza los hashtags adecuados<\/strong><br \/>Menciona nuestra marca (<strong>@forbrain<\/strong> en Facebook y <strong>@forbrainofficial<\/strong> en Instagram) y incluye los hashtags #Forbrain y #Soundsory en tu publicaci\u00f3n.<\/li>\n<li><strong>Env\u00edanos el enlace<\/strong><br \/>Env\u00edanos el enlace a tu publicaci\u00f3n, \u00a1y ganar\u00e1s 15 $\/\u20ac por v\u00eddeo o historia!<\/li>\n<\/ol>\n<p>\u00a1Estamos deseando ver tus historias y compartirlas con nuestra comunidad!<\/p>\n\t\t\t\t\t\t\t\t<\/div>\n\t\t\t\t<\/div>\n\t\t\t\t<\/div>\n\t\t\t\t\t<\/div>\n\t\t\t\t<\/div>\n\t\t\t\t<\/div>\n\t\t","protected":false},"excerpt":{"rendered":"<p>Programa de embajadores: Comparte tu experiencia y gana recompensas. Nadie puede contar tu historia mejor que t\u00fa. Ay\u00fadanos a difundir nuestros productos y los fant\u00e1sticos resultados que has obtenido. Participar es muy f\u00e1cil: Publica un Post o un ReelComparte tu experiencia (o la de tu cliente, con su permiso) utilizando Forbrain o Soundsory en Facebook&#8230;<\/p>\n","protected":false},"author":7,"featured_media":0,"parent":0,"menu_order":0,"comment_status":"closed","ping_status":"closed","template":"templates\/template-left-nav.php","meta":{"_acf_changed":false,"_kad_post_transparent":"","_kad_post_title":"","_kad_post_layout":"","_kad_post_sidebar_id":"","_kad_post_content_style":"","_kad_post_vertical_padding":"","_kad_post_feature":"","_kad_post_feature_position":"","_kad_post_header":false,"_kad_post_footer":false,"footnotes":""},"class_list":["post-2285","page","type-page","status-publish","hentry"],"acf":[],"_links":{"self":[{"href":"https:\/\/affiliates.soundforlife.com\/es\/wp-json\/wp\/v2\/pages\/2285","targetHints":{"allow":["GET"]}}],"collection":[{"href":"https:\/\/affiliates.soundforlife.com\/es\/wp-json\/wp\/v2\/pages"}],"about":[{"href":"https:\/\/affiliates.soundforlife.com\/es\/wp-json\/wp\/v2\/types\/page"}],"author":[{"embeddable":true,"href":"https:\/\/affiliates.soundforlife.com\/es\/wp-json\/wp\/v2\/users\/7"}],"replies":[{"embeddable":true,"href":"https:\/\/affiliates.soundforlife.com\/es\/wp-json\/wp\/v2\/comments?post=2285"}],"version-history":[{"count":1,"href":"https:\/\/affiliates.soundforlife.com\/es\/wp-json\/wp\/v2\/pages\/2285\/revisions"}],"predecessor-version":[{"id":2286,"href":"https:\/\/affiliates.soundforlife.com\/es\/wp-json\/wp\/v2\/pages\/2285\/revisions\/2286"}],"wp:attachment":[{"href":"https:\/\/affiliates.soundforlife.com\/es\/wp-json\/wp\/v2\/media?parent=2285"}],"curies":[{"name":"wp","href":"https:\/\/api.w.org\/{rel}","templated":true}]}}