{"id":1355,"date":"2024-06-04T19:02:13","date_gmt":"2024-06-04T17:02:13","guid":{"rendered":"https:\/\/affiliates.soundforlife.com\/soundsory-training-room\/"},"modified":"2024-10-09T13:34:22","modified_gmt":"2024-10-09T11:34:22","slug":"sala-de-formaciones-soundsory","status":"publish","type":"page","link":"https:\/\/affiliates.soundforlife.com\/es\/sala-de-formaciones-soundsory\/","title":{"rendered":"Sala de Formaciones Soundsory"},"content":{"rendered":"\t\t<div data-elementor-type=\"wp-page\" data-elementor-id=\"1355\" class=\"elementor elementor-1355 elementor-35\" data-elementor-post-type=\"page\">\n\t\t\t\t<div class=\"elementor-element elementor-element-46a4f0cb e-con-full e-flex e-con e-parent\" data-id=\"46a4f0cb\" data-element_type=\"container\" data-e-type=\"container\">\n\t\t\t\t<div class=\"elementor-element elementor-element-5545a6e elementor-cta--skin-cover elementor-animated-content elementor-bg-transform elementor-bg-transform-zoom-in elementor-widget elementor-widget-call-to-action\" data-id=\"5545a6e\" data-element_type=\"widget\" data-e-type=\"widget\" data-widget_type=\"call-to-action.default\">\n\t\t\t\t<div class=\"elementor-widget-container\">\n\t\t\t\t\t\t\t<a class=\"elementor-cta\" href=\"https:\/\/soundsory.com\/es\/bienvenida\/\" target=\"_blank\" rel=\"noopener\">\n\t\t\t\t\t<div class=\"elementor-cta__bg-wrapper\">\n\t\t\t\t<div class=\"elementor-cta__bg elementor-bg\" style=\"background-image: url(https:\/\/affiliates.soundforlife.com\/wp-content\/uploads\/2024\/08\/affiliate-soundsory-banner-image-1024x276.webp);\" role=\"img\" aria-label=\"affiliate-soundsory-banner-image\"><\/div>\n\t\t\t\t<div class=\"elementor-cta__bg-overlay\"><\/div>\n\t\t\t<\/div>\n\t\t\t\t\t\t\t<div class=\"elementor-cta__content\">\n\t\t\t\t\n\t\t\t\t\n\t\t\t\t\t\t\t\t\t<div class=\"elementor-cta__description elementor-cta__content-item elementor-content-item elementor-animated-item--grow\">\n\t\t\t\t\t\tSOUNDSORY es un programa de entrenamiento multisensorial. Ayuda a mejorar las capacidades<br> motoras y cognitivas. El programa consiste en escuchar m\u00fasica especialmente concebida<br> con modificaciones neuro-ac\u00fasticas as\u00ed como efectuar una serie de movimientos corporales<br> bien espec\u00edficos. Es un programa de 30 minutos diarios durante 40 d\u00edas que se puede hacer<br> en casa.\t\t\t\t\t<\/div>\n\t\t\t\t\n\t\t\t\t\t\t\t\t\t<div class=\"elementor-cta__button-wrapper elementor-cta__content-item elementor-content-item elementor-animated-item--grow\">\n\t\t\t\t\t<span class=\"elementor-cta__button elementor-button elementor-size-\">\n\t\t\t\t\t\tIr a soundsory.com\t\t\t\t\t<\/span>\n\t\t\t\t\t<\/div>\n\t\t\t\t\t\t\t<\/div>\n\t\t\t\t\t\t<\/a>\n\t\t\t\t\t\t<\/div>\n\t\t\t\t<\/div>\n\t\t\t\t<div class=\"elementor-element elementor-element-51bb18ae elementor-widget elementor-widget-text-editor\" data-id=\"51bb18ae\" data-element_type=\"widget\" data-e-type=\"widget\" data-widget_type=\"text-editor.default\">\n\t\t\t\t<div class=\"elementor-widget-container\">\n\t\t\t\t\t\t\t\t\t<div class=\"wp-block-columns\"><div class=\"wp-block-column\"><div class=\"wp-block-columns\"><div class=\"wp-block-column\"><p><img decoding=\"async\" class=\"alignnone size-full wp-image-13483\" src=\"https:\/\/www.forbrain.com\/wp-content\/uploads\/2023\/06\/logo-img.png\" alt=\"\" width=\"222\" height=\"58\" \/><\/p><p>Si tienes alguna pregunta, no dudes en contactarnos v\u00eda <a href=\"mailto:info@soundforlife.com\">info@soundforlife.com<\/a><\/p><p>Visite la p\u00e1gina <a href=\"\/?page_id=4173\">Compra de Stock<\/a> para adquirir varias unidades de Soundsory.<\/p><\/div><\/div><\/div><\/div>\t\t\t\t\t\t\t\t<\/div>\n\t\t\t\t<\/div>\n\t\t\t\t<\/div>\n\t\t<div class=\"elementor-element elementor-element-7e8b146 e-con-full e-flex e-con e-parent\" data-id=\"7e8b146\" data-element_type=\"container\" data-e-type=\"container\">\n\t\t<div class=\"elementor-element elementor-element-a023ef4 e-con-full e-flex e-con e-child\" data-id=\"a023ef4\" data-element_type=\"container\" data-e-type=\"container\">\n\t\t\t\t<div class=\"elementor-element elementor-element-cc28124 elementor-widget elementor-widget-text-editor\" data-id=\"cc28124\" data-element_type=\"widget\" data-e-type=\"widget\" data-widget_type=\"text-editor.default\">\n\t\t\t\t<div class=\"elementor-widget-container\">\n\t\t\t\t\t\t\t\t\t<h6 class=\"wp-block-heading\">Introducing Soundsory &#8211; A multi-sensory, music and movement therapy program for children and adults! (2 min) &#8211; <em>EN INGL\u00c9S<\/em>\u00a0<\/h6>\n<p>&#8211; by Kara Tavolacci (Occupational Therapist)<\/p>\t\t\t\t\t\t\t\t<\/div>\n\t\t\t\t<\/div>\n\t\t\t\t<div class=\"elementor-element elementor-element-d5285b0 elementor-widget elementor-widget-video\" data-id=\"d5285b0\" data-element_type=\"widget\" data-e-type=\"widget\" data-settings=\"{&quot;video_type&quot;:&quot;vimeo&quot;}\" data-widget_type=\"video.default\">\n\t\t\t\t<div class=\"elementor-widget-container\">\n\t\t\t\t\t\t\t<div class=\"elementor-wrapper elementor-open-inline\">\n\t\t\t<iframe class=\"elementor-video-iframe\" allowfullscreen allow=\"clipboard-write\" title=\"Reproductor de v\u00eddeo vimeo\" src=\"https:\/\/player.vimeo.com\/video\/910774080?color&amp;autopause=0&amp;loop=0&amp;muted=0&amp;title=1&amp;portrait=1&amp;byline=1&amp;h=6bbc026d47#t=\"><\/iframe>\t\t<\/div>\n\t\t\t\t\t\t<\/div>\n\t\t\t\t<\/div>\n\t\t\t\t<\/div>\n\t\t<div class=\"elementor-element elementor-element-ec82c26 e-con-full e-flex e-con e-child\" data-id=\"ec82c26\" data-element_type=\"container\" data-e-type=\"container\">\n\t\t\t\t<div class=\"elementor-element elementor-element-5542b10 elementor-widget elementor-widget-text-editor\" data-id=\"5542b10\" data-element_type=\"widget\" data-e-type=\"widget\" data-widget_type=\"text-editor.default\">\n\t\t\t\t<div class=\"elementor-widget-container\">\n\t\t\t\t\t\t\t\t\t<h6>Introduction to Soundsory and its applications (51 min) &#8211; <em>EN INGL\u00c9S<\/em>\u00a0<\/h6>\n<p>&#8211; webinar by Kara Tavolacci (Occupational Therapist)<\/p>\t\t\t\t\t\t\t\t<\/div>\n\t\t\t\t<\/div>\n\t\t\t\t<div class=\"elementor-element elementor-element-6d8326c elementor-widget elementor-widget-spacer\" data-id=\"6d8326c\" data-element_type=\"widget\" data-e-type=\"widget\" data-widget_type=\"spacer.default\">\n\t\t\t\t<div class=\"elementor-widget-container\">\n\t\t\t\t\t\t\t<div class=\"elementor-spacer\">\n\t\t\t<div class=\"elementor-spacer-inner\"><\/div>\n\t\t<\/div>\n\t\t\t\t\t\t<\/div>\n\t\t\t\t<\/div>\n\t\t\t\t<div class=\"elementor-element elementor-element-e98bf2a elementor-widget elementor-widget-video\" data-id=\"e98bf2a\" data-element_type=\"widget\" data-e-type=\"widget\" data-settings=\"{&quot;video_type&quot;:&quot;vimeo&quot;}\" data-widget_type=\"video.default\">\n\t\t\t\t<div class=\"elementor-widget-container\">\n\t\t\t\t\t\t\t<div class=\"elementor-wrapper elementor-open-inline\">\n\t\t\t<iframe class=\"elementor-video-iframe\" allowfullscreen allow=\"clipboard-write\" title=\"Reproductor de v\u00eddeo vimeo\" src=\"https:\/\/player.vimeo.com\/video\/910774140?color&amp;autopause=0&amp;loop=0&amp;muted=0&amp;title=1&amp;portrait=1&amp;byline=1&amp;h=fb546a3d1d#t=\"><\/iframe>\t\t<\/div>\n\t\t\t\t\t\t<\/div>\n\t\t\t\t<\/div>\n\t\t\t\t<\/div>\n\t\t\t\t<\/div>\n\t\t<div class=\"elementor-element elementor-element-87da9e2 e-con-full e-flex e-con e-parent\" data-id=\"87da9e2\" data-element_type=\"container\" data-e-type=\"container\">\n\t\t<div class=\"elementor-element elementor-element-3a79de8 e-con-full e-flex e-con e-child\" data-id=\"3a79de8\" data-element_type=\"container\" data-e-type=\"container\">\n\t\t\t\t<div class=\"elementor-element elementor-element-ac1354d elementor-widget elementor-widget-text-editor\" data-id=\"ac1354d\" data-element_type=\"widget\" data-e-type=\"widget\" data-widget_type=\"text-editor.default\">\n\t\t\t\t<div class=\"elementor-widget-container\">\n\t\t\t\t\t\t\t\t\t<h6 class=\"wp-block-heading\">Primitive Reflexes and their Integration with Forbrain and Soundsory (98 min) &#8211; <em>EN INGL\u00c9S<\/em>\u00a0<\/h6>\n<p>&#8211; webinar by Kara Tavolacci (Occupational Therapist)<\/p>\t\t\t\t\t\t\t\t<\/div>\n\t\t\t\t<\/div>\n\t\t\t\t<div class=\"elementor-element elementor-element-ca2f46d elementor-widget elementor-widget-spacer\" data-id=\"ca2f46d\" data-element_type=\"widget\" data-e-type=\"widget\" data-widget_type=\"spacer.default\">\n\t\t\t\t<div class=\"elementor-widget-container\">\n\t\t\t\t\t\t\t<div class=\"elementor-spacer\">\n\t\t\t<div class=\"elementor-spacer-inner\"><\/div>\n\t\t<\/div>\n\t\t\t\t\t\t<\/div>\n\t\t\t\t<\/div>\n\t\t\t\t<div class=\"elementor-element elementor-element-d0e92a2 elementor-widget elementor-widget-video\" data-id=\"d0e92a2\" data-element_type=\"widget\" data-e-type=\"widget\" data-settings=\"{&quot;video_type&quot;:&quot;vimeo&quot;}\" data-widget_type=\"video.default\">\n\t\t\t\t<div class=\"elementor-widget-container\">\n\t\t\t\t\t\t\t<div class=\"elementor-wrapper elementor-open-inline\">\n\t\t\t<iframe class=\"elementor-video-iframe\" allowfullscreen allow=\"clipboard-write\" title=\"Reproductor de v\u00eddeo vimeo\" src=\"https:\/\/player.vimeo.com\/video\/917122701?color&amp;autopause=0&amp;loop=0&amp;muted=0&amp;title=1&amp;portrait=1&amp;byline=1&amp;h=f894b20796#t=\"><\/iframe>\t\t<\/div>\n\t\t\t\t\t\t<\/div>\n\t\t\t\t<\/div>\n\t\t\t\t<\/div>\n\t\t<div class=\"elementor-element elementor-element-2b3ab7d e-con-full e-flex e-con e-child\" data-id=\"2b3ab7d\" data-element_type=\"container\" data-e-type=\"container\">\n\t\t\t\t<div class=\"elementor-element elementor-element-44beb62 elementor-widget elementor-widget-text-editor\" data-id=\"44beb62\" data-element_type=\"widget\" data-e-type=\"widget\" data-widget_type=\"text-editor.default\">\n\t\t\t\t<div class=\"elementor-widget-container\">\n\t\t\t\t\t\t\t\t\t<h6>A Soundsory Guide for Global Development Delay (62 min) &#8211; <em>EN INGL\u00c9S<\/em>\u00a0<\/h6>\n<p>&#8211; webinar by Fran\u00e7oise Nicoloff (Clinical Psychologist, Tomatis\u00ae International Trainer, Consultant, and Speaker<\/p>\t\t\t\t\t\t\t\t<\/div>\n\t\t\t\t<\/div>\n\t\t\t\t<div class=\"elementor-element elementor-element-ec45147 elementor-widget elementor-widget-video\" data-id=\"ec45147\" data-element_type=\"widget\" data-e-type=\"widget\" data-settings=\"{&quot;video_type&quot;:&quot;vimeo&quot;}\" data-widget_type=\"video.default\">\n\t\t\t\t<div class=\"elementor-widget-container\">\n\t\t\t\t\t\t\t<div class=\"elementor-wrapper elementor-open-inline\">\n\t\t\t<iframe class=\"elementor-video-iframe\" allowfullscreen allow=\"clipboard-write\" title=\"Reproductor de v\u00eddeo vimeo\" src=\"https:\/\/player.vimeo.com\/video\/941870226?color&amp;autopause=0&amp;loop=0&amp;muted=0&amp;title=1&amp;portrait=1&amp;byline=1&amp;h=36b6adb1ee#t=\"><\/iframe>\t\t<\/div>\n\t\t\t\t\t\t<\/div>\n\t\t\t\t<\/div>\n\t\t\t\t<\/div>\n\t\t\t\t<\/div>\n\t\t<div class=\"elementor-element elementor-element-a517e0a e-con-full e-flex e-con e-parent\" data-id=\"a517e0a\" data-element_type=\"container\" data-e-type=\"container\">\n\t\t<div class=\"elementor-element elementor-element-ef7b085 e-con-full e-flex e-con e-child\" data-id=\"ef7b085\" data-element_type=\"container\" data-e-type=\"container\">\n\t\t\t\t<div class=\"elementor-element elementor-element-48d2ff8 elementor-widget elementor-widget-text-editor\" data-id=\"48d2ff8\" data-element_type=\"widget\" data-e-type=\"widget\" data-widget_type=\"text-editor.default\">\n\t\t\t\t<div class=\"elementor-widget-container\">\n\t\t\t\t\t\t\t\t\t<h6 class=\"wp-block-heading\">How Forbrain and Soundsory can help with Sensory Processing Disorder (85 min) &#8211; <em>EN INGL\u00c9S<\/em>\u00a0<\/h6>\n<p>&#8211; webinar by Kara Tavolacci (Occupational Therapist)<\/p>\t\t\t\t\t\t\t\t<\/div>\n\t\t\t\t<\/div>\n\t\t\t\t<div class=\"elementor-element elementor-element-c19aa2d elementor-widget elementor-widget-video\" data-id=\"c19aa2d\" data-element_type=\"widget\" data-e-type=\"widget\" data-settings=\"{&quot;video_type&quot;:&quot;vimeo&quot;}\" data-widget_type=\"video.default\">\n\t\t\t\t<div class=\"elementor-widget-container\">\n\t\t\t\t\t\t\t<div class=\"elementor-wrapper elementor-open-inline\">\n\t\t\t<iframe class=\"elementor-video-iframe\" allowfullscreen allow=\"clipboard-write\" title=\"Reproductor de v\u00eddeo vimeo\" src=\"https:\/\/player.vimeo.com\/video\/925889025?color&amp;autopause=0&amp;loop=0&amp;muted=0&amp;title=1&amp;portrait=1&amp;byline=1&amp;h=71c1aee698#t=\"><\/iframe>\t\t<\/div>\n\t\t\t\t\t\t<\/div>\n\t\t\t\t<\/div>\n\t\t\t\t<\/div>\n\t\t<div class=\"elementor-element elementor-element-f238b9a e-con-full e-flex e-con e-child\" data-id=\"f238b9a\" data-element_type=\"container\" data-e-type=\"container\">\n\t\t\t\t<div class=\"elementor-element elementor-element-adb1313 elementor-widget elementor-widget-text-editor\" data-id=\"adb1313\" data-element_type=\"widget\" data-e-type=\"widget\" data-widget_type=\"text-editor.default\">\n\t\t\t\t<div class=\"elementor-widget-container\">\n\t\t\t\t\t\t\t\t\t<h6>Soundsory mobile app &#8211; first steps (2 min) &#8211; <em>EN INGL\u00c9S<\/em>\u00a0<\/h6>\t\t\t\t\t\t\t\t<\/div>\n\t\t\t\t<\/div>\n\t\t\t\t<div class=\"elementor-element elementor-element-e0e3868 elementor-widget elementor-widget-spacer\" data-id=\"e0e3868\" data-element_type=\"widget\" data-e-type=\"widget\" data-widget_type=\"spacer.default\">\n\t\t\t\t<div class=\"elementor-widget-container\">\n\t\t\t\t\t\t\t<div class=\"elementor-spacer\">\n\t\t\t<div class=\"elementor-spacer-inner\"><\/div>\n\t\t<\/div>\n\t\t\t\t\t\t<\/div>\n\t\t\t\t<\/div>\n\t\t\t\t<div class=\"elementor-element elementor-element-3c7722c elementor-widget elementor-widget-video\" data-id=\"3c7722c\" data-element_type=\"widget\" data-e-type=\"widget\" data-settings=\"{&quot;video_type&quot;:&quot;vimeo&quot;}\" data-widget_type=\"video.default\">\n\t\t\t\t<div class=\"elementor-widget-container\">\n\t\t\t\t\t\t\t<div class=\"elementor-wrapper elementor-open-inline\">\n\t\t\t<iframe class=\"elementor-video-iframe\" allowfullscreen allow=\"clipboard-write\" title=\"Reproductor de v\u00eddeo vimeo\" src=\"https:\/\/player.vimeo.com\/video\/900817594?color&amp;autopause=0&amp;loop=0&amp;muted=0&amp;title=1&amp;portrait=1&amp;byline=1&amp;h=8a3a9df906#t=\"><\/iframe>\t\t<\/div>\n\t\t\t\t\t\t<\/div>\n\t\t\t\t<\/div>\n\t\t\t\t<\/div>\n\t\t\t\t<\/div>\n\t\t\t\t<\/div>\n\t\t","protected":false},"excerpt":{"rendered":"<p>SOUNDSORY es un programa de entrenamiento multisensorial. Ayuda a mejorar las capacidades motoras y cognitivas. El programa consiste en escuchar m\u00fasica especialmente concebida con modificaciones neuro-ac\u00fasticas as\u00ed como efectuar una serie de movimientos corporales bien espec\u00edficos. Es un programa de 30 minutos diarios durante 40 d\u00edas que se puede hacer en casa. Ir a soundsory.com&#8230;<\/p>\n","protected":false},"author":1,"featured_media":0,"parent":0,"menu_order":0,"comment_status":"closed","ping_status":"closed","template":"templates\/template-left-nav.php","meta":{"_acf_changed":false,"_kad_post_transparent":"","_kad_post_title":"","_kad_post_layout":"","_kad_post_sidebar_id":"","_kad_post_content_style":"","_kad_post_vertical_padding":"","_kad_post_feature":"","_kad_post_feature_position":"","_kad_post_header":false,"_kad_post_footer":false,"footnotes":""},"class_list":["post-1355","page","type-page","status-publish","hentry"],"acf":[],"_links":{"self":[{"href":"https:\/\/affiliates.soundforlife.com\/es\/wp-json\/wp\/v2\/pages\/1355","targetHints":{"allow":["GET"]}}],"collection":[{"href":"https:\/\/affiliates.soundforlife.com\/es\/wp-json\/wp\/v2\/pages"}],"about":[{"href":"https:\/\/affiliates.soundforlife.com\/es\/wp-json\/wp\/v2\/types\/page"}],"author":[{"embeddable":true,"href":"https:\/\/affiliates.soundforlife.com\/es\/wp-json\/wp\/v2\/users\/1"}],"replies":[{"embeddable":true,"href":"https:\/\/affiliates.soundforlife.com\/es\/wp-json\/wp\/v2\/comments?post=1355"}],"version-history":[{"count":16,"href":"https:\/\/affiliates.soundforlife.com\/es\/wp-json\/wp\/v2\/pages\/1355\/revisions"}],"predecessor-version":[{"id":2182,"href":"https:\/\/affiliates.soundforlife.com\/es\/wp-json\/wp\/v2\/pages\/1355\/revisions\/2182"}],"wp:attachment":[{"href":"https:\/\/affiliates.soundforlife.com\/es\/wp-json\/wp\/v2\/media?parent=1355"}],"curies":[{"name":"wp","href":"https:\/\/api.w.org\/{rel}","templated":true}]}}