{"id":103,"date":"2024-06-04T19:05:16","date_gmt":"2024-06-04T17:05:16","guid":{"rendered":"https:\/\/affiliates.soundforlife.com\/compra-de-stock-nuevos\/"},"modified":"2025-05-14T13:16:38","modified_gmt":"2025-05-14T11:16:38","slug":"compra-de-stock","status":"publish","type":"page","link":"https:\/\/affiliates.soundforlife.com\/es\/compra-de-stock\/","title":{"rendered":"Compra de stock"},"content":{"rendered":"\t\t<div data-elementor-type=\"wp-page\" data-elementor-id=\"103\" class=\"elementor elementor-103 elementor-41\" data-elementor-post-type=\"page\">\n\t\t\t\t<div class=\"elementor-element elementor-element-349c37bc e-con-full e-flex e-con e-parent\" data-id=\"349c37bc\" data-element_type=\"container\" data-e-type=\"container\">\n\t\t\t\t<div class=\"elementor-element elementor-element-10898581 elementor-widget elementor-widget-text-editor\" data-id=\"10898581\" data-element_type=\"widget\" data-e-type=\"widget\" data-widget_type=\"text-editor.default\">\n\t\t\t\t<div class=\"elementor-widget-container\">\n\t\t\t\t\t\t\t\t\t<h2 class=\"wp-block-heading\">Nuevas oportunidades<\/h2><p><strong>Disponer de un peque\u00f1o stock de Forbrain y\/o Soundsory puede facilitarle la oferta de estos productos a sus clientes.<\/strong><\/p><p>Para beneficiarse del <strong>descuento del 40%<\/strong>, la compra m\u00ednima es de 3 aparatos. Los precios no incluyen el IVA y debe disponer de un n\u00famero de IVA para beneficiarse de esta oferta.<\/p><ul><li>Si deseas pedir <strong>Forbrain o Soundsory o una combinaci\u00f3n de ambos<\/strong>, <a href=\"https:\/\/buy.stripe.com\/00g9D7c3ucTX7JuaEH\" target=\"_blank\" rel=\"noopener\"><strong>haga clic aqu\u00ed &gt;&gt;<\/strong><\/a><br \/>No olvides indicar en el formulario la cantidad de Forbrain o Soundsory que deseas pedir. Deber\u00e1 coincidir con la cantidad que selecciones.<\/li><\/ul><ul><li>Si deseas convertirte en <strong>distribuidor local y realizar pedidos regulares<\/strong> (m\u00ednimo 20 unidades por pedido), ponte en contacto con nosotros para estudiar las mejores opciones (plazos, descuentos, etc.). Contacte con Abhi Maitra, Affiliates Partnerships Manager, en <a href=\"mailto:a.maitra@soundforlife.com\">a.maitra@soundforlife.com<\/a>.<\/li><\/ul><ul><li style=\"list-style-type: none;\"><ul><li style=\"list-style-type: none;\"><ul><li style=\"list-style-type: none;\">\u00a0<\/li><\/ul><\/li><\/ul><\/li><\/ul><p>Los gastos de env\u00edo son de 50 Euros en Europa sea cual sea el n\u00famero de aparatos pedidos.<br \/>(Los precios no incluyen IVA ni impuestos. Si resides en la UE, debes indicar un n\u00famero de IVA v\u00e1lido para beneficiarte de esta oferta).<\/p>\t\t\t\t\t\t\t\t<\/div>\n\t\t\t\t<\/div>\n\t\t\t\t<\/div>\n\t\t<div class=\"elementor-element elementor-element-40e46fad e-con-full e-flex e-con e-parent\" data-id=\"40e46fad\" data-element_type=\"container\" data-e-type=\"container\">\n\t\t<div class=\"elementor-element elementor-element-7001d0e e-con-full e-flex e-con e-child\" data-id=\"7001d0e\" data-element_type=\"container\" data-e-type=\"container\">\n\t\t\t\t<div class=\"elementor-element elementor-element-6dbe3114 elementor-widget elementor-widget-image\" data-id=\"6dbe3114\" data-element_type=\"widget\" data-e-type=\"widget\" data-widget_type=\"image.default\">\n\t\t\t\t<div class=\"elementor-widget-container\">\n\t\t\t\t\t\t\t\t\t\t\t\t\t\t\t\t<a href=\"https:\/\/buy.stripe.com\/00g9D7c3ucTX7JuaEH\" target=\"_blank\" rel=\"noopener\">\n\t\t\t\t\t\t\t<img fetchpriority=\"high\" decoding=\"async\" width=\"768\" height=\"1024\" src=\"https:\/\/affiliates.soundforlife.com\/wp-content\/uploads\/2024\/08\/Bulk-Forbrain-768x1024.webp\" class=\"attachment-medium_large size-medium_large wp-image-1565\" alt=\"\" srcset=\"https:\/\/affiliates.soundforlife.com\/wp-content\/uploads\/2024\/08\/Bulk-Forbrain-768x1024.webp 768w, https:\/\/affiliates.soundforlife.com\/wp-content\/uploads\/2024\/08\/Bulk-Forbrain-225x300.webp 225w, https:\/\/affiliates.soundforlife.com\/wp-content\/uploads\/2024\/08\/Bulk-Forbrain-1152x1536.webp 1152w, https:\/\/affiliates.soundforlife.com\/wp-content\/uploads\/2024\/08\/Bulk-Forbrain.webp 1512w\" sizes=\"(max-width: 768px) 100vw, 768px\" \/>\t\t\t\t\t\t\t\t<\/a>\n\t\t\t\t\t\t\t\t\t\t\t\t\t\t\t<\/div>\n\t\t\t\t<\/div>\n\t\t\t\t<\/div>\n\t\t<div class=\"elementor-element elementor-element-2175cfb0 e-con-full e-flex e-con e-child\" data-id=\"2175cfb0\" data-element_type=\"container\" data-e-type=\"container\">\n\t\t\t\t<div class=\"elementor-element elementor-element-39ccf7b8 elementor-widget elementor-widget-image\" data-id=\"39ccf7b8\" data-element_type=\"widget\" data-e-type=\"widget\" data-widget_type=\"image.default\">\n\t\t\t\t<div class=\"elementor-widget-container\">\n\t\t\t\t\t\t\t\t\t\t\t\t\t\t\t\t<a href=\"https:\/\/buy.stripe.com\/00g9D7c3ucTX7JuaEH\" target=\"_blank\" rel=\"noopener\">\n\t\t\t\t\t\t\t<img decoding=\"async\" width=\"768\" height=\"1024\" src=\"https:\/\/affiliates.soundforlife.com\/wp-content\/uploads\/2024\/08\/Bulk-Soundsory-768x1024.webp\" class=\"attachment-medium_large size-medium_large wp-image-1577\" alt=\"\" srcset=\"https:\/\/affiliates.soundforlife.com\/wp-content\/uploads\/2024\/08\/Bulk-Soundsory-768x1024.webp 768w, https:\/\/affiliates.soundforlife.com\/wp-content\/uploads\/2024\/08\/Bulk-Soundsory-225x300.webp 225w, https:\/\/affiliates.soundforlife.com\/wp-content\/uploads\/2024\/08\/Bulk-Soundsory-1152x1536.webp 1152w, https:\/\/affiliates.soundforlife.com\/wp-content\/uploads\/2024\/08\/Bulk-Soundsory.webp 1512w\" sizes=\"(max-width: 768px) 100vw, 768px\" \/>\t\t\t\t\t\t\t\t<\/a>\n\t\t\t\t\t\t\t\t\t\t\t\t\t\t\t<\/div>\n\t\t\t\t<\/div>\n\t\t\t\t<\/div>\n\t\t<div class=\"elementor-element elementor-element-282a4ffe e-con-full e-flex e-con e-child\" data-id=\"282a4ffe\" data-element_type=\"container\" data-e-type=\"container\">\n\t\t\t\t<div class=\"elementor-element elementor-element-142f409c elementor-widget elementor-widget-image\" data-id=\"142f409c\" data-element_type=\"widget\" data-e-type=\"widget\" data-widget_type=\"image.default\">\n\t\t\t\t<div class=\"elementor-widget-container\">\n\t\t\t\t\t\t\t\t\t\t\t\t\t\t\t\t<a href=\"https:\/\/buy.stripe.com\/00g9D7c3ucTX7JuaEH\" target=\"_blank\" rel=\"noopener\">\n\t\t\t\t\t\t\t<img decoding=\"async\" width=\"768\" height=\"1024\" src=\"https:\/\/affiliates.soundforlife.com\/wp-content\/uploads\/2024\/08\/Bulk-Forbain-and-Soundsory-768x1024.webp\" class=\"attachment-medium_large size-medium_large wp-image-1571\" alt=\"\" srcset=\"https:\/\/affiliates.soundforlife.com\/wp-content\/uploads\/2024\/08\/Bulk-Forbain-and-Soundsory-768x1024.webp 768w, https:\/\/affiliates.soundforlife.com\/wp-content\/uploads\/2024\/08\/Bulk-Forbain-and-Soundsory-225x300.webp 225w, https:\/\/affiliates.soundforlife.com\/wp-content\/uploads\/2024\/08\/Bulk-Forbain-and-Soundsory-1152x1536.webp 1152w, https:\/\/affiliates.soundforlife.com\/wp-content\/uploads\/2024\/08\/Bulk-Forbain-and-Soundsory.webp 1512w\" sizes=\"(max-width: 768px) 100vw, 768px\" \/>\t\t\t\t\t\t\t\t<\/a>\n\t\t\t\t\t\t\t\t\t\t\t\t\t\t\t<\/div>\n\t\t\t\t<\/div>\n\t\t\t\t<\/div>\n\t\t\t\t<\/div>\n\t\t<div class=\"elementor-element elementor-element-fbea7f4 e-con-full e-flex e-con e-parent\" data-id=\"fbea7f4\" data-element_type=\"container\" data-e-type=\"container\">\n\t\t<div class=\"elementor-element elementor-element-f3916c4 e-con-full e-flex e-con e-child\" data-id=\"f3916c4\" data-element_type=\"container\" data-e-type=\"container\">\n\t\t\t\t<div class=\"elementor-element elementor-element-fe73368 elementor-widget elementor-widget-text-editor\" data-id=\"fe73368\" data-element_type=\"widget\" data-e-type=\"widget\" data-widget_type=\"text-editor.default\">\n\t\t\t\t<div class=\"elementor-widget-container\">\n\t\t\t\t\t\t\t\t\t<div class=\"wp-block-columns\"><div class=\"wp-block-column\"><div class=\"wp-block-columns\"><div class=\"wp-block-column\"><h3 style=\"text-align: left;\">\u00bfQu\u00e9 le resulta m\u00e1s rentable: las compras al por mayor o los referidos de afiliados ?<\/h3><p>El siguiente escenario tomar\u00e1 10 unidades como ejemplo y examinar\u00e1 qu\u00e9 opci\u00f3n es m\u00e1s beneficiosa para usted.<\/p><p><strong>Opci\u00f3n 1 &#8211; Usted compra 10 unidades de Forbrain o Soundsory o ambos por USD 1850 al por mayor y revende a sus propios clientes:<\/strong><\/p><p>\u2022 Precio est\u00e1ndar + gastos de env\u00edo (309 EUR): Obtienes un beneficio de 144 EUR por unidad, lo que supone un total de 1440 EUR por 10 unidades.<br \/>\u2022 Precio reducido (10% de descuento) + gastos de env\u00edo (279 EUR): Obtendr\u00e1 un beneficio de 114 EUR por unidad, lo que supone un total de 1140 EUR por 10 unidades.<br \/>\u2022 Precio de temporada + gastos de env\u00edo gratuitos (215 EUR): Obtendr\u00e1 un beneficio de 50 EUR por unidad, lo que supone un total de 500 EUR por 10 unidades.<\/p><p><strong>Opci\u00f3n 2 &#8211; Usted recomienda 10 unidades de Forbrain o Soundsory o ambos a sus clientes a trav\u00e9s de nuestra p\u00e1gina web y gana comisiones:<\/strong><\/p><p>\u2022 Precio est\u00e1ndar + 10% de descuento para afiliados (279 EUR): Gana 70 EUR por venta, un total de 700 EUR por 10 unidades.<br \/>\u2022 Precio de temporada de vacaciones + 10% de descuento para afiliados + env\u00edo gratuito (215 EUR): Gana 40 EUR por venta, un total de 400 EUR por 10 unidades.<\/p><p><strong>Resumen:<\/strong><\/p><p>\u2022 La compra al por mayor es m\u00e1s rentable para usted: Ofrece mayores m\u00e1rgenes en comparaci\u00f3n con el programa de afiliados.<br \/>\u2022 Comodidad para los clientes: La compra al por mayor puede ser m\u00e1s c\u00f3moda para los clientes, ya que puedes enviarles el dispositivo localmente o en persona.<br \/>\u2022 Fuente de ingresos adicional: Algunos afiliados a\u00f1aden tarifas de orientaci\u00f3n a sus servicios, lo que las familias agradecen.<\/p><p>Nota: Los precios est\u00e1n redondeados. Los impuestos, como el IVA, que se apliquen, supondr\u00e1n un suplemento. La lista de precios de compra al por mayor puede ser revisada en cualquier momento.<\/p><\/div><\/div><\/div><\/div>\t\t\t\t\t\t\t\t<\/div>\n\t\t\t\t<\/div>\n\t\t\t\t<\/div>\n\t\t\t\t<\/div>\n\t\t\t\t<\/div>\n\t\t","protected":false},"excerpt":{"rendered":"<p>Nuevas oportunidades Disponer de un peque\u00f1o stock de Forbrain y\/o Soundsory puede facilitarle la oferta de estos productos a sus clientes. Para beneficiarse del descuento del 40%, la compra m\u00ednima es de 3 aparatos. Los precios no incluyen el IVA y debe disponer de un n\u00famero de IVA para beneficiarse de esta oferta. Si deseas&#8230;<\/p>\n","protected":false},"author":1,"featured_media":0,"parent":0,"menu_order":0,"comment_status":"closed","ping_status":"closed","template":"templates\/template-left-nav.php","meta":{"_acf_changed":false,"_kad_post_transparent":"","_kad_post_title":"","_kad_post_layout":"","_kad_post_sidebar_id":"","_kad_post_content_style":"","_kad_post_vertical_padding":"","_kad_post_feature":"","_kad_post_feature_position":"","_kad_post_header":false,"_kad_post_footer":false,"footnotes":""},"class_list":["post-103","page","type-page","status-publish","hentry"],"acf":[],"_links":{"self":[{"href":"https:\/\/affiliates.soundforlife.com\/es\/wp-json\/wp\/v2\/pages\/103","targetHints":{"allow":["GET"]}}],"collection":[{"href":"https:\/\/affiliates.soundforlife.com\/es\/wp-json\/wp\/v2\/pages"}],"about":[{"href":"https:\/\/affiliates.soundforlife.com\/es\/wp-json\/wp\/v2\/types\/page"}],"author":[{"embeddable":true,"href":"https:\/\/affiliates.soundforlife.com\/es\/wp-json\/wp\/v2\/users\/1"}],"replies":[{"embeddable":true,"href":"https:\/\/affiliates.soundforlife.com\/es\/wp-json\/wp\/v2\/comments?post=103"}],"version-history":[{"count":18,"href":"https:\/\/affiliates.soundforlife.com\/es\/wp-json\/wp\/v2\/pages\/103\/revisions"}],"predecessor-version":[{"id":2329,"href":"https:\/\/affiliates.soundforlife.com\/es\/wp-json\/wp\/v2\/pages\/103\/revisions\/2329"}],"wp:attachment":[{"href":"https:\/\/affiliates.soundforlife.com\/es\/wp-json\/wp\/v2\/media?parent=103"}],"curies":[{"name":"wp","href":"https:\/\/api.w.org\/{rel}","templated":true}]}}